{"id":311,"date":"2019-11-28T18:09:09","date_gmt":"2019-11-29T00:09:09","guid":{"rendered":"http:\/\/leonardocardosoarquitectos.com\/?page_id=311"},"modified":"2020-03-23T12:57:53","modified_gmt":"2020-03-23T18:57:53","slug":"plaza-publica-el-vergel","status":"publish","type":"page","link":"http:\/\/leonardocardosoarquitectos.com\/index.php\/plaza-publica-el-vergel\/","title":{"rendered":"Plaza p\u00fablica El Vergel"},"content":{"rendered":"\n<figure class=\"wp-block-image size-large is-resized\"><img loading=\"lazy\" decoding=\"async\" src=\"http:\/\/leonardocardosoarquitectos.com\/wp-content\/uploads\/2019\/11\/El-vergel-Plaza-4.jpg\" alt=\"\" class=\"wp-image-322\" width=\"809\" height=\"562\" srcset=\"http:\/\/leonardocardosoarquitectos.com\/wp-content\/uploads\/2019\/11\/El-vergel-Plaza-4.jpg 1984w, http:\/\/leonardocardosoarquitectos.com\/wp-content\/uploads\/2019\/11\/El-vergel-Plaza-4-300x209.jpg 300w, http:\/\/leonardocardosoarquitectos.com\/wp-content\/uploads\/2019\/11\/El-vergel-Plaza-4-768x534.jpg 768w, http:\/\/leonardocardosoarquitectos.com\/wp-content\/uploads\/2019\/11\/El-vergel-Plaza-4-1536x1068.jpg 1536w, http:\/\/leonardocardosoarquitectos.com\/wp-content\/uploads\/2019\/11\/El-vergel-Plaza-4-250x174.jpg 250w\" sizes=\"(max-width: 809px) 100vw, 809px\" \/><\/figure>\n\n\n\n<figure class=\"wp-block-image size-large is-resized\"><img loading=\"lazy\" decoding=\"async\" src=\"http:\/\/leonardocardosoarquitectos.com\/wp-content\/uploads\/2019\/11\/El-vergel-Plaza-2.jpg\" alt=\"\" class=\"wp-image-318\" width=\"910\" height=\"683\" srcset=\"http:\/\/leonardocardosoarquitectos.com\/wp-content\/uploads\/2019\/11\/El-vergel-Plaza-2.jpg 1280w, http:\/\/leonardocardosoarquitectos.com\/wp-content\/uploads\/2019\/11\/El-vergel-Plaza-2-300x225.jpg 300w, http:\/\/leonardocardosoarquitectos.com\/wp-content\/uploads\/2019\/11\/El-vergel-Plaza-2-768x576.jpg 768w, http:\/\/leonardocardosoarquitectos.com\/wp-content\/uploads\/2019\/11\/El-vergel-Plaza-2-250x188.jpg 250w\" sizes=\"(max-width: 910px) 100vw, 910px\" \/><\/figure>\n\n\n\n<figure class=\"wp-block-gallery columns-1 wp-block-gallery-1 is-layout-flex wp-block-gallery-is-layout-flex\"><ul class=\"blocks-gallery-grid\"><li class=\"blocks-gallery-item\"><figure><img loading=\"lazy\" decoding=\"async\" width=\"1280\" height=\"832\" src=\"http:\/\/leonardocardosoarquitectos.com\/wp-content\/uploads\/2019\/11\/El-vergel-Plaza-3.jpg\" alt=\"\" data-id=\"320\" data-full-url=\"http:\/\/leonardocardosoarquitectos.com\/wp-content\/uploads\/2019\/11\/El-vergel-Plaza-3.jpg\" data-link=\"http:\/\/leonardocardosoarquitectos.com\/?attachment_id=320\" class=\"wp-image-320\" srcset=\"http:\/\/leonardocardosoarquitectos.com\/wp-content\/uploads\/2019\/11\/El-vergel-Plaza-3.jpg 1280w, http:\/\/leonardocardosoarquitectos.com\/wp-content\/uploads\/2019\/11\/El-vergel-Plaza-3-300x195.jpg 300w, http:\/\/leonardocardosoarquitectos.com\/wp-content\/uploads\/2019\/11\/El-vergel-Plaza-3-768x499.jpg 768w, http:\/\/leonardocardosoarquitectos.com\/wp-content\/uploads\/2019\/11\/El-vergel-Plaza-3-250x163.jpg 250w\" sizes=\"(max-width: 1280px) 100vw, 1280px\" \/><\/figure><\/li><\/ul><\/figure>\n\n\n\n<p> <strong>Localizaci\u00f3n Mazapil, Zacatecas, M\u00e9xico<\/strong> <\/p>\n\n\n\n<p> <strong>Cliente: Newmont GoldCorp -Minera Pe\u00f1asquito &#8211; Municipio Mazapil<\/strong><\/p>\n\n\n\n<p> <strong>A\u00f1o: 2016 -2017<\/strong> <\/p>\n\n\n\n<p>  <strong>Estatus: Proyecto Completado<\/strong><\/p>\n\n\n\n<p> <strong>Programa: Espacio p\u00fablico<\/strong><br><\/p>\n\n\n\n<p class=\"has-background has-very-light-gray-background-color\"> <strong>Desarrollo : Proyecto Arquitect\u00f3nico y Ejecutivo. <\/strong>Colaboradores OAA03<\/p>\n\n\n\n<p> <em>\u00a0<div class=\"post-views post-311 entry-meta\">\r\n\t\t\t\t<span class=\"post-views-icon dashicons dashicons-chart-bar\"><\/span>\r\n\t\t\t\t<span class=\"post-views-label\">Views:<\/span>\r\n\t\t\t\t<span class=\"post-views-count\">2,384<\/span>\r\n\t\t\t<\/div><\/em> <\/p>\n","protected":false},"excerpt":{"rendered":"<p>Localizaci\u00f3n Mazapil, Zacatecas, M\u00e9xico Cliente: Newmont GoldCorp -Minera Pe\u00f1asquito &#8211; [&hellip;]<\/p>\n","protected":false},"author":1,"featured_media":316,"parent":0,"menu_order":0,"comment_status":"closed","ping_status":"closed","template":"","meta":{"footnotes":""},"_links":{"self":[{"href":"http:\/\/leonardocardosoarquitectos.com\/index.php\/wp-json\/wp\/v2\/pages\/311"}],"collection":[{"href":"http:\/\/leonardocardosoarquitectos.com\/index.php\/wp-json\/wp\/v2\/pages"}],"about":[{"href":"http:\/\/leonardocardosoarquitectos.com\/index.php\/wp-json\/wp\/v2\/types\/page"}],"author":[{"embeddable":true,"href":"http:\/\/leonardocardosoarquitectos.com\/index.php\/wp-json\/wp\/v2\/users\/1"}],"replies":[{"embeddable":true,"href":"http:\/\/leonardocardosoarquitectos.com\/index.php\/wp-json\/wp\/v2\/comments?post=311"}],"version-history":[{"count":9,"href":"http:\/\/leonardocardosoarquitectos.com\/index.php\/wp-json\/wp\/v2\/pages\/311\/revisions"}],"predecessor-version":[{"id":400,"href":"http:\/\/leonardocardosoarquitectos.com\/index.php\/wp-json\/wp\/v2\/pages\/311\/revisions\/400"}],"wp:featuredmedia":[{"embeddable":true,"href":"http:\/\/leonardocardosoarquitectos.com\/index.php\/wp-json\/wp\/v2\/media\/316"}],"wp:attachment":[{"href":"http:\/\/leonardocardosoarquitectos.com\/index.php\/wp-json\/wp\/v2\/media?parent=311"}],"curies":[{"name":"wp","href":"https:\/\/api.w.org\/{rel}","templated":true}]}}