{"id":307,"date":"2019-11-28T16:56:26","date_gmt":"2019-11-28T22:56:26","guid":{"rendered":"http:\/\/leonardocardosoarquitectos.com\/?page_id=307"},"modified":"2021-07-06T16:37:36","modified_gmt":"2021-07-06T21:37:36","slug":"casa-neri","status":"publish","type":"page","link":"http:\/\/leonardocardosoarquitectos.com\/index.php\/casa-neri\/","title":{"rendered":"Casa Neri"},"content":{"rendered":"\n<figure class=\"wp-block-image size-large is-resized\"><img loading=\"lazy\" decoding=\"async\" src=\"http:\/\/leonardocardosoarquitectos.com\/wp-content\/uploads\/2020\/01\/Casa-Neri-detalle-acceso-2500x1247.jpg\" alt=\"\" class=\"wp-image-355\" width=\"1450\" height=\"722\" srcset=\"http:\/\/leonardocardosoarquitectos.com\/wp-content\/uploads\/2020\/01\/Casa-Neri-detalle-acceso-2500x1247.jpg 2500w, http:\/\/leonardocardosoarquitectos.com\/wp-content\/uploads\/2020\/01\/Casa-Neri-detalle-acceso-300x150.jpg 300w, http:\/\/leonardocardosoarquitectos.com\/wp-content\/uploads\/2020\/01\/Casa-Neri-detalle-acceso-768x383.jpg 768w, http:\/\/leonardocardosoarquitectos.com\/wp-content\/uploads\/2020\/01\/Casa-Neri-detalle-acceso-1536x766.jpg 1536w, http:\/\/leonardocardosoarquitectos.com\/wp-content\/uploads\/2020\/01\/Casa-Neri-detalle-acceso-2048x1021.jpg 2048w, http:\/\/leonardocardosoarquitectos.com\/wp-content\/uploads\/2020\/01\/Casa-Neri-detalle-acceso-250x125.jpg 250w\" sizes=\"(max-width: 1450px) 100vw, 1450px\" \/><figcaption>Leonardo Cardoso Arquitectos<\/figcaption><\/figure>\n\n\n\n<h3 class=\"wp-block-heading\"><\/h3>\n\n\n\n<figure class=\"wp-block-image size-large is-resized\"><img loading=\"lazy\" decoding=\"async\" src=\"http:\/\/leonardocardosoarquitectos.com\/wp-content\/uploads\/2021\/07\/Casa-Neri-Persp-1-web-1-2500x1642.jpg\" alt=\"\" class=\"wp-image-518\" width=\"1334\" height=\"873\" srcset=\"http:\/\/leonardocardosoarquitectos.com\/wp-content\/uploads\/2021\/07\/Casa-Neri-Persp-1-web-1-300x197.jpg 300w, http:\/\/leonardocardosoarquitectos.com\/wp-content\/uploads\/2021\/07\/Casa-Neri-Persp-1-web-1-768x504.jpg 768w, http:\/\/leonardocardosoarquitectos.com\/wp-content\/uploads\/2021\/07\/Casa-Neri-Persp-1-web-1-250x164.jpg 250w, http:\/\/leonardocardosoarquitectos.com\/wp-content\/uploads\/2021\/07\/Casa-Neri-Persp-1-web-1-400x263.jpg 400w\" sizes=\"(max-width: 1334px) 100vw, 1334px\" \/><\/figure>\n\n\n\n<figure class=\"wp-block-image size-large\"><img loading=\"lazy\" decoding=\"async\" width=\"2048\" height=\"1536\" src=\"http:\/\/leonardocardosoarquitectos.com\/wp-content\/uploads\/2021\/07\/ciemntacion-web.jpg\" alt=\"\" class=\"wp-image-524\" srcset=\"http:\/\/leonardocardosoarquitectos.com\/wp-content\/uploads\/2021\/07\/ciemntacion-web.jpg 2048w, http:\/\/leonardocardosoarquitectos.com\/wp-content\/uploads\/2021\/07\/ciemntacion-web-300x225.jpg 300w, http:\/\/leonardocardosoarquitectos.com\/wp-content\/uploads\/2021\/07\/ciemntacion-web-768x576.jpg 768w, http:\/\/leonardocardosoarquitectos.com\/wp-content\/uploads\/2021\/07\/ciemntacion-web-1536x1152.jpg 1536w, http:\/\/leonardocardosoarquitectos.com\/wp-content\/uploads\/2021\/07\/ciemntacion-web-250x188.jpg 250w, http:\/\/leonardocardosoarquitectos.com\/wp-content\/uploads\/2021\/07\/ciemntacion-web-400x300.jpg 400w\" sizes=\"(max-width: 2048px) 100vw, 2048px\" \/><\/figure>\n\n\n\n<figure class=\"wp-block-image size-large\"><img loading=\"lazy\" decoding=\"async\" width=\"2048\" height=\"1352\" src=\"http:\/\/leonardocardosoarquitectos.com\/wp-content\/uploads\/2021\/07\/web2.jpg\" alt=\"\" class=\"wp-image-525\" srcset=\"http:\/\/leonardocardosoarquitectos.com\/wp-content\/uploads\/2021\/07\/web2.jpg 2048w, http:\/\/leonardocardosoarquitectos.com\/wp-content\/uploads\/2021\/07\/web2-300x198.jpg 300w, http:\/\/leonardocardosoarquitectos.com\/wp-content\/uploads\/2021\/07\/web2-768x507.jpg 768w, http:\/\/leonardocardosoarquitectos.com\/wp-content\/uploads\/2021\/07\/web2-1536x1014.jpg 1536w, http:\/\/leonardocardosoarquitectos.com\/wp-content\/uploads\/2021\/07\/web2-250x165.jpg 250w, http:\/\/leonardocardosoarquitectos.com\/wp-content\/uploads\/2021\/07\/web2-400x264.jpg 400w\" sizes=\"(max-width: 2048px) 100vw, 2048px\" \/><\/figure>\n\n\n\n<figure class=\"wp-block-image size-large\"><img loading=\"lazy\" decoding=\"async\" width=\"2048\" height=\"1536\" src=\"http:\/\/leonardocardosoarquitectos.com\/wp-content\/uploads\/2021\/07\/fachada-onegra-web-1.jpg\" alt=\"\" class=\"wp-image-526\" srcset=\"http:\/\/leonardocardosoarquitectos.com\/wp-content\/uploads\/2021\/07\/fachada-onegra-web-1.jpg 2048w, http:\/\/leonardocardosoarquitectos.com\/wp-content\/uploads\/2021\/07\/fachada-onegra-web-1-300x225.jpg 300w, http:\/\/leonardocardosoarquitectos.com\/wp-content\/uploads\/2021\/07\/fachada-onegra-web-1-768x576.jpg 768w, http:\/\/leonardocardosoarquitectos.com\/wp-content\/uploads\/2021\/07\/fachada-onegra-web-1-1536x1152.jpg 1536w, http:\/\/leonardocardosoarquitectos.com\/wp-content\/uploads\/2021\/07\/fachada-onegra-web-1-250x188.jpg 250w, http:\/\/leonardocardosoarquitectos.com\/wp-content\/uploads\/2021\/07\/fachada-onegra-web-1-400x300.jpg 400w\" sizes=\"(max-width: 2048px) 100vw, 2048px\" \/><\/figure>\n\n\n\n<figure class=\"wp-block-image size-large\"><img loading=\"lazy\" decoding=\"async\" width=\"2048\" height=\"1220\" src=\"http:\/\/leonardocardosoarquitectos.com\/wp-content\/uploads\/2021\/07\/fachada-onegra-web-2.jpg\" alt=\"\" class=\"wp-image-528\" srcset=\"http:\/\/leonardocardosoarquitectos.com\/wp-content\/uploads\/2021\/07\/fachada-onegra-web-2.jpg 2048w, http:\/\/leonardocardosoarquitectos.com\/wp-content\/uploads\/2021\/07\/fachada-onegra-web-2-300x179.jpg 300w, http:\/\/leonardocardosoarquitectos.com\/wp-content\/uploads\/2021\/07\/fachada-onegra-web-2-768x458.jpg 768w, http:\/\/leonardocardosoarquitectos.com\/wp-content\/uploads\/2021\/07\/fachada-onegra-web-2-1536x915.jpg 1536w, http:\/\/leonardocardosoarquitectos.com\/wp-content\/uploads\/2021\/07\/fachada-onegra-web-2-250x149.jpg 250w, http:\/\/leonardocardosoarquitectos.com\/wp-content\/uploads\/2021\/07\/fachada-onegra-web-2-400x238.jpg 400w\" sizes=\"(max-width: 2048px) 100vw, 2048px\" \/><\/figure>\n\n\n\n<figure class=\"wp-block-image size-large\"><img loading=\"lazy\" decoding=\"async\" width=\"2048\" height=\"1268\" src=\"http:\/\/leonardocardosoarquitectos.com\/wp-content\/uploads\/2021\/07\/fachada-onegra-web.jpg\" alt=\"\" class=\"wp-image-530\" srcset=\"http:\/\/leonardocardosoarquitectos.com\/wp-content\/uploads\/2021\/07\/fachada-onegra-web.jpg 2048w, http:\/\/leonardocardosoarquitectos.com\/wp-content\/uploads\/2021\/07\/fachada-onegra-web-300x186.jpg 300w, http:\/\/leonardocardosoarquitectos.com\/wp-content\/uploads\/2021\/07\/fachada-onegra-web-768x476.jpg 768w, http:\/\/leonardocardosoarquitectos.com\/wp-content\/uploads\/2021\/07\/fachada-onegra-web-1536x951.jpg 1536w, http:\/\/leonardocardosoarquitectos.com\/wp-content\/uploads\/2021\/07\/fachada-onegra-web-250x155.jpg 250w, http:\/\/leonardocardosoarquitectos.com\/wp-content\/uploads\/2021\/07\/fachada-onegra-web-400x248.jpg 400w\" sizes=\"(max-width: 2048px) 100vw, 2048px\" \/><\/figure>\n\n\n\n<p> <strong>Localizaci\u00f3n: Zacatecas, M\u00e9xico<\/strong> <\/p>\n\n\n\n<p> <strong>Cliente: Privado<\/strong> <\/p>\n\n\n\n<p> <strong>A\u00f1o: 2018-2019<\/strong> <\/p>\n\n\n\n<p> <strong>Estatus: En construcci\u00f3n<\/strong><\/p>\n\n\n\n<p> <strong>Programa: Vivienda Unifamiliar<\/strong> <\/p>\n\n\n\n<p class=\"has-very-light-gray-background-color has-background\"> <strong>Desarrollo: Proyecto Ejecutivo y Construcci\u00f3n<\/strong> <\/p>\n\n\n\n<p> <em>&nbsp;<div class=\"post-views post-307 entry-meta\">\r\n\t\t\t\t<span class=\"post-views-icon dashicons dashicons-chart-bar\"><\/span>\r\n\t\t\t\t<span class=\"post-views-label\">Views:<\/span>\r\n\t\t\t\t<span class=\"post-views-count\">2,192<\/span>\r\n\t\t\t<\/div><\/em> <\/p>\n","protected":false},"excerpt":{"rendered":"<p>Localizaci\u00f3n: Zacatecas, M\u00e9xico Cliente: Privado A\u00f1o: 2018-2019 Estatus: En construcci\u00f3n [&hellip;]<\/p>\n","protected":false},"author":1,"featured_media":528,"parent":0,"menu_order":0,"comment_status":"closed","ping_status":"closed","template":"","meta":{"footnotes":""},"_links":{"self":[{"href":"http:\/\/leonardocardosoarquitectos.com\/index.php\/wp-json\/wp\/v2\/pages\/307"}],"collection":[{"href":"http:\/\/leonardocardosoarquitectos.com\/index.php\/wp-json\/wp\/v2\/pages"}],"about":[{"href":"http:\/\/leonardocardosoarquitectos.com\/index.php\/wp-json\/wp\/v2\/types\/page"}],"author":[{"embeddable":true,"href":"http:\/\/leonardocardosoarquitectos.com\/index.php\/wp-json\/wp\/v2\/users\/1"}],"replies":[{"embeddable":true,"href":"http:\/\/leonardocardosoarquitectos.com\/index.php\/wp-json\/wp\/v2\/comments?post=307"}],"version-history":[{"count":7,"href":"http:\/\/leonardocardosoarquitectos.com\/index.php\/wp-json\/wp\/v2\/pages\/307\/revisions"}],"predecessor-version":[{"id":531,"href":"http:\/\/leonardocardosoarquitectos.com\/index.php\/wp-json\/wp\/v2\/pages\/307\/revisions\/531"}],"wp:featuredmedia":[{"embeddable":true,"href":"http:\/\/leonardocardosoarquitectos.com\/index.php\/wp-json\/wp\/v2\/media\/528"}],"wp:attachment":[{"href":"http:\/\/leonardocardosoarquitectos.com\/index.php\/wp-json\/wp\/v2\/media?parent=307"}],"curies":[{"name":"wp","href":"https:\/\/api.w.org\/{rel}","templated":true}]}}