{"id":262,"date":"2019-11-28T16:12:02","date_gmt":"2019-11-28T22:12:02","guid":{"rendered":"http:\/\/leonardocardosoarquitectos.com\/?page_id=262"},"modified":"2020-03-23T12:56:15","modified_gmt":"2020-03-23T18:56:15","slug":"casa-minima-5m","status":"publish","type":"page","link":"http:\/\/leonardocardosoarquitectos.com\/index.php\/casa-minima-5m\/","title":{"rendered":"Casa en serie 5m"},"content":{"rendered":"\n<figure class=\"wp-block-image size-large\"><img loading=\"lazy\" decoding=\"async\" width=\"1446\" height=\"2183\" src=\"http:\/\/leonardocardosoarquitectos.com\/wp-content\/uploads\/2019\/11\/Casa-5M-fachada-1-1.jpg\" alt=\"\" class=\"wp-image-296\" srcset=\"http:\/\/leonardocardosoarquitectos.com\/wp-content\/uploads\/2019\/11\/Casa-5M-fachada-1-1.jpg 1446w, http:\/\/leonardocardosoarquitectos.com\/wp-content\/uploads\/2019\/11\/Casa-5M-fachada-1-1-199x300.jpg 199w, http:\/\/leonardocardosoarquitectos.com\/wp-content\/uploads\/2019\/11\/Casa-5M-fachada-1-1-768x1159.jpg 768w, http:\/\/leonardocardosoarquitectos.com\/wp-content\/uploads\/2019\/11\/Casa-5M-fachada-1-1-1017x1536.jpg 1017w, http:\/\/leonardocardosoarquitectos.com\/wp-content\/uploads\/2019\/11\/Casa-5M-fachada-1-1-1357x2048.jpg 1357w, http:\/\/leonardocardosoarquitectos.com\/wp-content\/uploads\/2019\/11\/Casa-5M-fachada-1-1-250x377.jpg 250w\" sizes=\"(max-width: 1446px) 100vw, 1446px\" \/><\/figure>\n\n\n\n<figure class=\"wp-block-image size-full\"><img loading=\"lazy\" decoding=\"async\" width=\"2000\" height=\"1200\" src=\"http:\/\/leonardocardosoarquitectos.com\/wp-content\/uploads\/2019\/11\/Casa-5M-corte.jpg\" alt=\"\" class=\"wp-image-271\" srcset=\"http:\/\/leonardocardosoarquitectos.com\/wp-content\/uploads\/2019\/11\/Casa-5M-corte.jpg 2000w, http:\/\/leonardocardosoarquitectos.com\/wp-content\/uploads\/2019\/11\/Casa-5M-corte-300x180.jpg 300w, http:\/\/leonardocardosoarquitectos.com\/wp-content\/uploads\/2019\/11\/Casa-5M-corte-768x461.jpg 768w, http:\/\/leonardocardosoarquitectos.com\/wp-content\/uploads\/2019\/11\/Casa-5M-corte-1536x922.jpg 1536w, http:\/\/leonardocardosoarquitectos.com\/wp-content\/uploads\/2019\/11\/Casa-5M-corte-250x150.jpg 250w\" sizes=\"(max-width: 2000px) 100vw, 2000px\" \/><\/figure>\n\n\n\n<figure class=\"wp-block-gallery columns-1 wp-block-gallery-1 is-layout-flex wp-block-gallery-is-layout-flex\"><ul class=\"blocks-gallery-grid\"><li class=\"blocks-gallery-item\"><figure><img loading=\"lazy\" decoding=\"async\" width=\"2000\" height=\"1200\" src=\"http:\/\/leonardocardosoarquitectos.com\/wp-content\/uploads\/2019\/11\/Casa-5M-inerior-gift.gif\" alt=\"\" data-id=\"293\" data-full-url=\"http:\/\/leonardocardosoarquitectos.com\/wp-content\/uploads\/2019\/11\/Casa-5M-inerior-gift.gif\" data-link=\"http:\/\/leonardocardosoarquitectos.com\/index.php\/casa-minima-5m\/casa-5m-inerior-gift\/\" class=\"wp-image-293\"\/><\/figure><\/li><\/ul><\/figure>\n\n\n\n<figure class=\"wp-block-image\"><img loading=\"lazy\" decoding=\"async\" width=\"1536\" height=\"2048\" src=\"http:\/\/leonardocardosoarquitectos.com\/wp-content\/uploads\/2019\/11\/Casa-5M-inerior-1.jpg\" alt=\"\" class=\"wp-image-273\" srcset=\"http:\/\/leonardocardosoarquitectos.com\/wp-content\/uploads\/2019\/11\/Casa-5M-inerior-1.jpg 1536w, http:\/\/leonardocardosoarquitectos.com\/wp-content\/uploads\/2019\/11\/Casa-5M-inerior-1-225x300.jpg 225w, http:\/\/leonardocardosoarquitectos.com\/wp-content\/uploads\/2019\/11\/Casa-5M-inerior-1-768x1024.jpg 768w, http:\/\/leonardocardosoarquitectos.com\/wp-content\/uploads\/2019\/11\/Casa-5M-inerior-1-1152x1536.jpg 1152w, http:\/\/leonardocardosoarquitectos.com\/wp-content\/uploads\/2019\/11\/Casa-5M-inerior-1-250x333.jpg 250w\" sizes=\"(max-width: 1536px) 100vw, 1536px\" \/><\/figure>\n\n\n\n<figure class=\"wp-block-gallery columns-1 wp-block-gallery-2 is-layout-flex wp-block-gallery-is-layout-flex\"><ul class=\"blocks-gallery-grid\"><li class=\"blocks-gallery-item\"><figure><img loading=\"lazy\" decoding=\"async\" width=\"1182\" height=\"2048\" src=\"http:\/\/leonardocardosoarquitectos.com\/wp-content\/uploads\/2019\/11\/Casa-5M-fachada-2-1.jpg\" alt=\"\" data-id=\"297\" data-full-url=\"http:\/\/leonardocardosoarquitectos.com\/wp-content\/uploads\/2019\/11\/Casa-5M-fachada-2-1.jpg\" data-link=\"http:\/\/leonardocardosoarquitectos.com\/index.php\/casa-minima-5m\/casa-5m-fachada-2-1\/\" class=\"wp-image-297\" srcset=\"http:\/\/leonardocardosoarquitectos.com\/wp-content\/uploads\/2019\/11\/Casa-5M-fachada-2-1.jpg 1182w, http:\/\/leonardocardosoarquitectos.com\/wp-content\/uploads\/2019\/11\/Casa-5M-fachada-2-1-173x300.jpg 173w, http:\/\/leonardocardosoarquitectos.com\/wp-content\/uploads\/2019\/11\/Casa-5M-fachada-2-1-768x1331.jpg 768w, http:\/\/leonardocardosoarquitectos.com\/wp-content\/uploads\/2019\/11\/Casa-5M-fachada-2-1-887x1536.jpg 887w, http:\/\/leonardocardosoarquitectos.com\/wp-content\/uploads\/2019\/11\/Casa-5M-fachada-2-1-250x433.jpg 250w\" sizes=\"(max-width: 1182px) 100vw, 1182px\" \/><\/figure><\/li><\/ul><\/figure>\n\n\n\n<p> <strong>Localizaci\u00f3n: Zacatecas, M\u00e9xico<\/strong> <\/p>\n\n\n\n<p> <strong>Cliente: Privado<\/strong> <\/p>\n\n\n\n<p> <strong>A\u00f1o: 2018<\/strong><\/p>\n\n\n\n<p> <strong>Estatus: En proceso<\/strong><\/p>\n\n\n\n<p> <strong>Programa: Vivienda Unifamiliar<\/strong> <\/p>\n\n\n\n<p class=\"has-background has-very-light-gray-background-color\"> <strong>Desarrollo: Proyecto Arquitect\u00f3nico y Ejecutivo <\/strong><\/p>\n\n\n\n<p> <em>\u00a0<div class=\"post-views post-262 entry-meta\">\r\n\t\t\t\t<span class=\"post-views-icon dashicons dashicons-chart-bar\"><\/span>\r\n\t\t\t\t<span class=\"post-views-label\">Views:<\/span>\r\n\t\t\t\t<span class=\"post-views-count\">2,469<\/span>\r\n\t\t\t<\/div><\/em> <\/p>\n","protected":false},"excerpt":{"rendered":"<p>Localizaci\u00f3n: Zacatecas, M\u00e9xico Cliente: Privado A\u00f1o: 2018 Estatus: En proceso [&hellip;]<\/p>\n","protected":false},"author":1,"featured_media":282,"parent":0,"menu_order":0,"comment_status":"closed","ping_status":"closed","template":"","meta":{"footnotes":""},"_links":{"self":[{"href":"http:\/\/leonardocardosoarquitectos.com\/index.php\/wp-json\/wp\/v2\/pages\/262"}],"collection":[{"href":"http:\/\/leonardocardosoarquitectos.com\/index.php\/wp-json\/wp\/v2\/pages"}],"about":[{"href":"http:\/\/leonardocardosoarquitectos.com\/index.php\/wp-json\/wp\/v2\/types\/page"}],"author":[{"embeddable":true,"href":"http:\/\/leonardocardosoarquitectos.com\/index.php\/wp-json\/wp\/v2\/users\/1"}],"replies":[{"embeddable":true,"href":"http:\/\/leonardocardosoarquitectos.com\/index.php\/wp-json\/wp\/v2\/comments?post=262"}],"version-history":[{"count":20,"href":"http:\/\/leonardocardosoarquitectos.com\/index.php\/wp-json\/wp\/v2\/pages\/262\/revisions"}],"predecessor-version":[{"id":395,"href":"http:\/\/leonardocardosoarquitectos.com\/index.php\/wp-json\/wp\/v2\/pages\/262\/revisions\/395"}],"wp:featuredmedia":[{"embeddable":true,"href":"http:\/\/leonardocardosoarquitectos.com\/index.php\/wp-json\/wp\/v2\/media\/282"}],"wp:attachment":[{"href":"http:\/\/leonardocardosoarquitectos.com\/index.php\/wp-json\/wp\/v2\/media?parent=262"}],"curies":[{"name":"wp","href":"https:\/\/api.w.org\/{rel}","templated":true}]}}