{"id":221,"date":"2019-11-25T19:06:41","date_gmt":"2019-11-26T01:06:41","guid":{"rendered":"http:\/\/leonardocardosoarquitectos.com\/?page_id=221"},"modified":"2020-03-23T12:57:36","modified_gmt":"2020-03-23T18:57:36","slug":"foro-itespr","status":"publish","type":"page","link":"http:\/\/leonardocardosoarquitectos.com\/index.php\/foro-itespr\/","title":{"rendered":"Foro ITESPR"},"content":{"rendered":"\n<figure class=\"wp-block-image size-large\"><img loading=\"lazy\" decoding=\"async\" width=\"2400\" height=\"1200\" src=\"http:\/\/leonardocardosoarquitectos.com\/wp-content\/uploads\/2019\/11\/Foro-ITESPR-vista-2-1.jpg\" alt=\"\" class=\"wp-image-246\" srcset=\"http:\/\/leonardocardosoarquitectos.com\/wp-content\/uploads\/2019\/11\/Foro-ITESPR-vista-2-1.jpg 2400w, http:\/\/leonardocardosoarquitectos.com\/wp-content\/uploads\/2019\/11\/Foro-ITESPR-vista-2-1-300x150.jpg 300w, http:\/\/leonardocardosoarquitectos.com\/wp-content\/uploads\/2019\/11\/Foro-ITESPR-vista-2-1-768x384.jpg 768w, http:\/\/leonardocardosoarquitectos.com\/wp-content\/uploads\/2019\/11\/Foro-ITESPR-vista-2-1-1536x768.jpg 1536w, http:\/\/leonardocardosoarquitectos.com\/wp-content\/uploads\/2019\/11\/Foro-ITESPR-vista-2-1-2048x1024.jpg 2048w, http:\/\/leonardocardosoarquitectos.com\/wp-content\/uploads\/2019\/11\/Foro-ITESPR-vista-2-1-250x125.jpg 250w\" sizes=\"(max-width: 2400px) 100vw, 2400px\" \/><\/figure>\n\n\n\n<figure class=\"wp-block-gallery columns-1 wp-block-gallery-1 is-layout-flex wp-block-gallery-is-layout-flex\"><ul class=\"blocks-gallery-grid\"><li class=\"blocks-gallery-item\"><figure><img loading=\"lazy\" decoding=\"async\" width=\"2400\" height=\"1200\" src=\"http:\/\/leonardocardosoarquitectos.com\/wp-content\/uploads\/2019\/11\/Foro-ITESPR-vista-3-2.jpg\" alt=\"\" data-id=\"247\" data-full-url=\"http:\/\/leonardocardosoarquitectos.com\/wp-content\/uploads\/2019\/11\/Foro-ITESPR-vista-3-2.jpg\" data-link=\"http:\/\/leonardocardosoarquitectos.com\/index.php\/foro-itespr\/foro-itespr-vista-3-2-2\/\" class=\"wp-image-247\" srcset=\"http:\/\/leonardocardosoarquitectos.com\/wp-content\/uploads\/2019\/11\/Foro-ITESPR-vista-3-2.jpg 2400w, http:\/\/leonardocardosoarquitectos.com\/wp-content\/uploads\/2019\/11\/Foro-ITESPR-vista-3-2-300x150.jpg 300w, http:\/\/leonardocardosoarquitectos.com\/wp-content\/uploads\/2019\/11\/Foro-ITESPR-vista-3-2-768x384.jpg 768w, http:\/\/leonardocardosoarquitectos.com\/wp-content\/uploads\/2019\/11\/Foro-ITESPR-vista-3-2-1536x768.jpg 1536w, http:\/\/leonardocardosoarquitectos.com\/wp-content\/uploads\/2019\/11\/Foro-ITESPR-vista-3-2-2048x1024.jpg 2048w, http:\/\/leonardocardosoarquitectos.com\/wp-content\/uploads\/2019\/11\/Foro-ITESPR-vista-3-2-250x125.jpg 250w\" sizes=\"(max-width: 2400px) 100vw, 2400px\" \/><\/figure><\/li><\/ul><\/figure>\n\n\n\n<figure class=\"wp-block-image size-large is-resized\"><img loading=\"lazy\" decoding=\"async\" src=\"http:\/\/leonardocardosoarquitectos.com\/wp-content\/uploads\/2019\/11\/Foro-ITESPR-vista-1.jpg\" alt=\"\" class=\"wp-image-232\" width=\"999\" height=\"500\" srcset=\"http:\/\/leonardocardosoarquitectos.com\/wp-content\/uploads\/2019\/11\/Foro-ITESPR-vista-1.jpg 2400w, http:\/\/leonardocardosoarquitectos.com\/wp-content\/uploads\/2019\/11\/Foro-ITESPR-vista-1-300x150.jpg 300w, http:\/\/leonardocardosoarquitectos.com\/wp-content\/uploads\/2019\/11\/Foro-ITESPR-vista-1-768x384.jpg 768w, http:\/\/leonardocardosoarquitectos.com\/wp-content\/uploads\/2019\/11\/Foro-ITESPR-vista-1-1536x768.jpg 1536w, http:\/\/leonardocardosoarquitectos.com\/wp-content\/uploads\/2019\/11\/Foro-ITESPR-vista-1-2048x1024.jpg 2048w, http:\/\/leonardocardosoarquitectos.com\/wp-content\/uploads\/2019\/11\/Foro-ITESPR-vista-1-250x125.jpg 250w\" sizes=\"(max-width: 999px) 100vw, 999px\" \/><\/figure>\n\n\n\n<figure class=\"wp-block-gallery columns-2 is-cropped wp-block-gallery-2 is-layout-flex wp-block-gallery-is-layout-flex\"><ul class=\"blocks-gallery-grid\"><li class=\"blocks-gallery-item\"><figure><img loading=\"lazy\" decoding=\"async\" width=\"1280\" height=\"722\" src=\"http:\/\/leonardocardosoarquitectos.com\/wp-content\/uploads\/2019\/11\/WhatsApp-Image-2018-08-07-at-16.23.033.jpeg\" alt=\"\" data-id=\"238\" class=\"wp-image-238\" srcset=\"http:\/\/leonardocardosoarquitectos.com\/wp-content\/uploads\/2019\/11\/WhatsApp-Image-2018-08-07-at-16.23.033.jpeg 1280w, http:\/\/leonardocardosoarquitectos.com\/wp-content\/uploads\/2019\/11\/WhatsApp-Image-2018-08-07-at-16.23.033-300x169.jpeg 300w, http:\/\/leonardocardosoarquitectos.com\/wp-content\/uploads\/2019\/11\/WhatsApp-Image-2018-08-07-at-16.23.033-768x433.jpeg 768w, http:\/\/leonardocardosoarquitectos.com\/wp-content\/uploads\/2019\/11\/WhatsApp-Image-2018-08-07-at-16.23.033-250x141.jpeg 250w\" sizes=\"(max-width: 1280px) 100vw, 1280px\" \/><\/figure><\/li><li class=\"blocks-gallery-item\"><figure><img loading=\"lazy\" decoding=\"async\" width=\"1280\" height=\"722\" src=\"http:\/\/leonardocardosoarquitectos.com\/wp-content\/uploads\/2019\/11\/WhatsApp-Image-2018-08-07-at-16.23.03.jpeg\" alt=\"\" data-id=\"239\" data-full-url=\"http:\/\/leonardocardosoarquitectos.com\/wp-content\/uploads\/2019\/11\/WhatsApp-Image-2018-08-07-at-16.23.03.jpeg\" data-link=\"http:\/\/leonardocardosoarquitectos.com\/index.php\/foro-itespr\/whatsapp-image-2018-08-07-at-16-23-03\/\" class=\"wp-image-239\" srcset=\"http:\/\/leonardocardosoarquitectos.com\/wp-content\/uploads\/2019\/11\/WhatsApp-Image-2018-08-07-at-16.23.03.jpeg 1280w, http:\/\/leonardocardosoarquitectos.com\/wp-content\/uploads\/2019\/11\/WhatsApp-Image-2018-08-07-at-16.23.03-300x169.jpeg 300w, http:\/\/leonardocardosoarquitectos.com\/wp-content\/uploads\/2019\/11\/WhatsApp-Image-2018-08-07-at-16.23.03-768x433.jpeg 768w, http:\/\/leonardocardosoarquitectos.com\/wp-content\/uploads\/2019\/11\/WhatsApp-Image-2018-08-07-at-16.23.03-250x141.jpeg 250w\" sizes=\"(max-width: 1280px) 100vw, 1280px\" \/><\/figure><\/li><\/ul><figcaption class=\"blocks-gallery-caption\"><br><\/figcaption><\/figure>\n\n\n\n<figure class=\"wp-block-gallery columns-1 is-cropped wp-block-gallery-3 is-layout-flex wp-block-gallery-is-layout-flex\"><ul class=\"blocks-gallery-grid\"><li class=\"blocks-gallery-item\"><figure><img loading=\"lazy\" decoding=\"async\" width=\"2400\" height=\"1200\" src=\"http:\/\/leonardocardosoarquitectos.com\/wp-content\/uploads\/2019\/11\/foto-axonometria-1.jpg\" alt=\"\" data-id=\"249\" data-full-url=\"http:\/\/leonardocardosoarquitectos.com\/wp-content\/uploads\/2019\/11\/foto-axonometria-1.jpg\" data-link=\"http:\/\/leonardocardosoarquitectos.com\/index.php\/foro-itespr\/foto-axonometria-1\/\" class=\"wp-image-249\" srcset=\"http:\/\/leonardocardosoarquitectos.com\/wp-content\/uploads\/2019\/11\/foto-axonometria-1.jpg 2400w, http:\/\/leonardocardosoarquitectos.com\/wp-content\/uploads\/2019\/11\/foto-axonometria-1-300x150.jpg 300w, http:\/\/leonardocardosoarquitectos.com\/wp-content\/uploads\/2019\/11\/foto-axonometria-1-768x384.jpg 768w, http:\/\/leonardocardosoarquitectos.com\/wp-content\/uploads\/2019\/11\/foto-axonometria-1-1536x768.jpg 1536w, http:\/\/leonardocardosoarquitectos.com\/wp-content\/uploads\/2019\/11\/foto-axonometria-1-2048x1024.jpg 2048w, http:\/\/leonardocardosoarquitectos.com\/wp-content\/uploads\/2019\/11\/foto-axonometria-1-250x125.jpg 250w\" sizes=\"(max-width: 2400px) 100vw, 2400px\" \/><\/figure><\/li><\/ul><\/figure>\n\n\n\n<figure class=\"wp-block-gallery columns-2 is-cropped wp-block-gallery-4 is-layout-flex wp-block-gallery-is-layout-flex\"><ul class=\"blocks-gallery-grid\"><li class=\"blocks-gallery-item\"><figure><img loading=\"lazy\" decoding=\"async\" width=\"1792\" height=\"1200\" src=\"http:\/\/leonardocardosoarquitectos.com\/wp-content\/uploads\/2019\/11\/Foro-ITESPR-aerea1.jpg\" alt=\"\" data-id=\"229\" data-full-url=\"http:\/\/leonardocardosoarquitectos.com\/wp-content\/uploads\/2019\/11\/Foro-ITESPR-aerea1.jpg\" data-link=\"http:\/\/leonardocardosoarquitectos.com\/?attachment_id=229\" class=\"wp-image-229\" srcset=\"http:\/\/leonardocardosoarquitectos.com\/wp-content\/uploads\/2019\/11\/Foro-ITESPR-aerea1.jpg 1792w, http:\/\/leonardocardosoarquitectos.com\/wp-content\/uploads\/2019\/11\/Foro-ITESPR-aerea1-300x201.jpg 300w, http:\/\/leonardocardosoarquitectos.com\/wp-content\/uploads\/2019\/11\/Foro-ITESPR-aerea1-768x514.jpg 768w, http:\/\/leonardocardosoarquitectos.com\/wp-content\/uploads\/2019\/11\/Foro-ITESPR-aerea1-1536x1029.jpg 1536w, http:\/\/leonardocardosoarquitectos.com\/wp-content\/uploads\/2019\/11\/Foro-ITESPR-aerea1-250x167.jpg 250w\" sizes=\"(max-width: 1792px) 100vw, 1792px\" \/><\/figure><\/li><li class=\"blocks-gallery-item\"><figure><img loading=\"lazy\" decoding=\"async\" width=\"1716\" height=\"1200\" src=\"http:\/\/leonardocardosoarquitectos.com\/wp-content\/uploads\/2019\/11\/Foro-ITESPR-aerea2.jpg\" alt=\"\" data-id=\"230\" data-full-url=\"http:\/\/leonardocardosoarquitectos.com\/wp-content\/uploads\/2019\/11\/Foro-ITESPR-aerea2.jpg\" data-link=\"http:\/\/leonardocardosoarquitectos.com\/?attachment_id=230\" class=\"wp-image-230\" srcset=\"http:\/\/leonardocardosoarquitectos.com\/wp-content\/uploads\/2019\/11\/Foro-ITESPR-aerea2.jpg 1716w, http:\/\/leonardocardosoarquitectos.com\/wp-content\/uploads\/2019\/11\/Foro-ITESPR-aerea2-300x210.jpg 300w, http:\/\/leonardocardosoarquitectos.com\/wp-content\/uploads\/2019\/11\/Foro-ITESPR-aerea2-768x537.jpg 768w, http:\/\/leonardocardosoarquitectos.com\/wp-content\/uploads\/2019\/11\/Foro-ITESPR-aerea2-1536x1074.jpg 1536w, http:\/\/leonardocardosoarquitectos.com\/wp-content\/uploads\/2019\/11\/Foro-ITESPR-aerea2-250x175.jpg 250w\" sizes=\"(max-width: 1716px) 100vw, 1716px\" \/><\/figure><\/li><\/ul><\/figure>\n\n\n\n<figure class=\"wp-block-image size-large is-resized\"><img loading=\"lazy\" decoding=\"async\" src=\"http:\/\/leonardocardosoarquitectos.com\/wp-content\/uploads\/2019\/11\/corte.jpg\" alt=\"\" class=\"wp-image-222\" width=\"929\" height=\"465\" srcset=\"http:\/\/leonardocardosoarquitectos.com\/wp-content\/uploads\/2019\/11\/corte.jpg 2400w, http:\/\/leonardocardosoarquitectos.com\/wp-content\/uploads\/2019\/11\/corte-300x150.jpg 300w, http:\/\/leonardocardosoarquitectos.com\/wp-content\/uploads\/2019\/11\/corte-768x384.jpg 768w, http:\/\/leonardocardosoarquitectos.com\/wp-content\/uploads\/2019\/11\/corte-1536x768.jpg 1536w, http:\/\/leonardocardosoarquitectos.com\/wp-content\/uploads\/2019\/11\/corte-2048x1024.jpg 2048w, http:\/\/leonardocardosoarquitectos.com\/wp-content\/uploads\/2019\/11\/corte-250x125.jpg 250w\" sizes=\"(max-width: 929px) 100vw, 929px\" \/><\/figure>\n\n\n\n<figure class=\"wp-block-image size-large is-resized\"><img loading=\"lazy\" decoding=\"async\" src=\"http:\/\/leonardocardosoarquitectos.com\/wp-content\/uploads\/2019\/11\/Portada-ITESPR-15.jpg\" alt=\"\" class=\"wp-image-241\" width=\"1069\" height=\"649\" srcset=\"http:\/\/leonardocardosoarquitectos.com\/wp-content\/uploads\/2019\/11\/Portada-ITESPR-15.jpg 1280w, http:\/\/leonardocardosoarquitectos.com\/wp-content\/uploads\/2019\/11\/Portada-ITESPR-15-300x182.jpg 300w, http:\/\/leonardocardosoarquitectos.com\/wp-content\/uploads\/2019\/11\/Portada-ITESPR-15-768x466.jpg 768w, http:\/\/leonardocardosoarquitectos.com\/wp-content\/uploads\/2019\/11\/Portada-ITESPR-15-250x152.jpg 250w\" sizes=\"(max-width: 1069px) 100vw, 1069px\" \/><\/figure>\n\n\n\n<figure class=\"wp-block-image size-full is-resized\"><img loading=\"lazy\" decoding=\"async\" src=\"http:\/\/leonardocardosoarquitectos.com\/wp-content\/uploads\/2019\/11\/Obra-ITESPR-16.jpeg\" alt=\"\" class=\"wp-image-236\" width=\"1164\" height=\"873\" srcset=\"http:\/\/leonardocardosoarquitectos.com\/wp-content\/uploads\/2019\/11\/Obra-ITESPR-16.jpeg 1040w, http:\/\/leonardocardosoarquitectos.com\/wp-content\/uploads\/2019\/11\/Obra-ITESPR-16-300x225.jpeg 300w, http:\/\/leonardocardosoarquitectos.com\/wp-content\/uploads\/2019\/11\/Obra-ITESPR-16-768x576.jpeg 768w, http:\/\/leonardocardosoarquitectos.com\/wp-content\/uploads\/2019\/11\/Obra-ITESPR-16-250x188.jpeg 250w\" sizes=\"(max-width: 1164px) 100vw, 1164px\" \/><\/figure>\n\n\n\n<p> <strong>Localizaci\u00f3n: Purista del Rinc\u00f3n Guanajuato, M\u00e9xico<\/strong> <\/p>\n\n\n\n<p> <strong>Cliente: Tecnol\u00f3gico Superior de Pur\u00edsima del Rinc\u00f3n<\/strong><\/p>\n\n\n\n<p> <strong>A\u00f1o: 2018<\/strong><\/p>\n\n\n\n<p> <strong>Estatus: En construcci\u00f3n<\/strong><\/p>\n\n\n\n<p> <strong>Programa: Equipamiento Educaci\u00f3n<\/strong><\/p>\n\n\n\n<p class=\"has-text-color has-background has-very-dark-gray-color has-very-light-gray-background-color\"> <strong>Desarrollo: Proyecto Arquitect\u00f3nico y Ejecutivo Colaboraci\u00f3n Arq. Ruben V\u00e1zquez<\/strong><\/p>\n\n\n\n\n\n<p> <em>\u00a0<div class=\"post-views post-221 entry-meta\">\r\n\t\t\t\t<span class=\"post-views-icon dashicons dashicons-chart-bar\"><\/span>\r\n\t\t\t\t<span class=\"post-views-label\">Views:<\/span>\r\n\t\t\t\t<span class=\"post-views-count\">2,356<\/span>\r\n\t\t\t<\/div><\/em> <\/p>\n","protected":false},"excerpt":{"rendered":"<p>Localizaci\u00f3n: Purista del Rinc\u00f3n Guanajuato, M\u00e9xico Cliente: Tecnol\u00f3gico Superior de [&hellip;]<\/p>\n","protected":false},"author":1,"featured_media":387,"parent":0,"menu_order":0,"comment_status":"closed","ping_status":"closed","template":"","meta":{"footnotes":""},"_links":{"self":[{"href":"http:\/\/leonardocardosoarquitectos.com\/index.php\/wp-json\/wp\/v2\/pages\/221"}],"collection":[{"href":"http:\/\/leonardocardosoarquitectos.com\/index.php\/wp-json\/wp\/v2\/pages"}],"about":[{"href":"http:\/\/leonardocardosoarquitectos.com\/index.php\/wp-json\/wp\/v2\/types\/page"}],"author":[{"embeddable":true,"href":"http:\/\/leonardocardosoarquitectos.com\/index.php\/wp-json\/wp\/v2\/users\/1"}],"replies":[{"embeddable":true,"href":"http:\/\/leonardocardosoarquitectos.com\/index.php\/wp-json\/wp\/v2\/comments?post=221"}],"version-history":[{"count":12,"href":"http:\/\/leonardocardosoarquitectos.com\/index.php\/wp-json\/wp\/v2\/pages\/221\/revisions"}],"predecessor-version":[{"id":399,"href":"http:\/\/leonardocardosoarquitectos.com\/index.php\/wp-json\/wp\/v2\/pages\/221\/revisions\/399"}],"wp:featuredmedia":[{"embeddable":true,"href":"http:\/\/leonardocardosoarquitectos.com\/index.php\/wp-json\/wp\/v2\/media\/387"}],"wp:attachment":[{"href":"http:\/\/leonardocardosoarquitectos.com\/index.php\/wp-json\/wp\/v2\/media?parent=221"}],"curies":[{"name":"wp","href":"https:\/\/api.w.org\/{rel}","templated":true}]}}