{"id":149,"date":"2019-11-25T17:55:39","date_gmt":"2019-11-25T23:55:39","guid":{"rendered":"http:\/\/leonardocardosoarquitectos.com\/?page_id=149"},"modified":"2020-03-23T12:56:57","modified_gmt":"2020-03-23T18:56:57","slug":"casa-pedregal","status":"publish","type":"page","link":"http:\/\/leonardocardosoarquitectos.com\/index.php\/casa-pedregal\/","title":{"rendered":"Casa Pedregal"},"content":{"rendered":"\n<figure class=\"wp-block-image size-large is-resized\"><img loading=\"lazy\" decoding=\"async\" src=\"http:\/\/leonardocardosoarquitectos.com\/wp-content\/uploads\/2019\/11\/Casa-Pedregal-2-1.jpg\" alt=\"\" class=\"wp-image-171\" width=\"761\" height=\"1014\" srcset=\"http:\/\/leonardocardosoarquitectos.com\/wp-content\/uploads\/2019\/11\/Casa-Pedregal-2-1.jpg 960w, http:\/\/leonardocardosoarquitectos.com\/wp-content\/uploads\/2019\/11\/Casa-Pedregal-2-1-225x300.jpg 225w, http:\/\/leonardocardosoarquitectos.com\/wp-content\/uploads\/2019\/11\/Casa-Pedregal-2-1-768x1024.jpg 768w, http:\/\/leonardocardosoarquitectos.com\/wp-content\/uploads\/2019\/11\/Casa-Pedregal-2-1-250x333.jpg 250w\" sizes=\"(max-width: 761px) 100vw, 761px\" \/><\/figure>\n\n\n\n<figure class=\"wp-block-gallery columns-3 is-cropped wp-block-gallery-1 is-layout-flex wp-block-gallery-is-layout-flex\"><ul class=\"blocks-gallery-grid\"><li class=\"blocks-gallery-item\"><figure><img loading=\"lazy\" decoding=\"async\" width=\"1536\" height=\"2048\" src=\"http:\/\/leonardocardosoarquitectos.com\/wp-content\/uploads\/2019\/11\/IMG_3318.jpeg\" alt=\"\" data-id=\"186\" data-full-url=\"http:\/\/leonardocardosoarquitectos.com\/wp-content\/uploads\/2019\/11\/IMG_3318.jpeg\" data-link=\"http:\/\/leonardocardosoarquitectos.com\/?attachment_id=186\" class=\"wp-image-186\" srcset=\"http:\/\/leonardocardosoarquitectos.com\/wp-content\/uploads\/2019\/11\/IMG_3318.jpeg 1536w, http:\/\/leonardocardosoarquitectos.com\/wp-content\/uploads\/2019\/11\/IMG_3318-225x300.jpeg 225w, http:\/\/leonardocardosoarquitectos.com\/wp-content\/uploads\/2019\/11\/IMG_3318-768x1024.jpeg 768w, http:\/\/leonardocardosoarquitectos.com\/wp-content\/uploads\/2019\/11\/IMG_3318-1152x1536.jpeg 1152w, http:\/\/leonardocardosoarquitectos.com\/wp-content\/uploads\/2019\/11\/IMG_3318-250x333.jpeg 250w\" sizes=\"(max-width: 1536px) 100vw, 1536px\" \/><\/figure><\/li><li class=\"blocks-gallery-item\"><figure><img loading=\"lazy\" decoding=\"async\" width=\"1536\" height=\"2048\" src=\"http:\/\/leonardocardosoarquitectos.com\/wp-content\/uploads\/2019\/11\/IMG_3323.jpeg\" alt=\"\" data-id=\"185\" data-link=\"http:\/\/leonardocardosoarquitectos.com\/?attachment_id=185\" class=\"wp-image-185\" srcset=\"http:\/\/leonardocardosoarquitectos.com\/wp-content\/uploads\/2019\/11\/IMG_3323.jpeg 1536w, http:\/\/leonardocardosoarquitectos.com\/wp-content\/uploads\/2019\/11\/IMG_3323-225x300.jpeg 225w, http:\/\/leonardocardosoarquitectos.com\/wp-content\/uploads\/2019\/11\/IMG_3323-768x1024.jpeg 768w, http:\/\/leonardocardosoarquitectos.com\/wp-content\/uploads\/2019\/11\/IMG_3323-1152x1536.jpeg 1152w, http:\/\/leonardocardosoarquitectos.com\/wp-content\/uploads\/2019\/11\/IMG_3323-250x333.jpeg 250w\" sizes=\"(max-width: 1536px) 100vw, 1536px\" \/><\/figure><\/li><li class=\"blocks-gallery-item\"><figure><img loading=\"lazy\" decoding=\"async\" width=\"1766\" height=\"2355\" src=\"http:\/\/leonardocardosoarquitectos.com\/wp-content\/uploads\/2019\/11\/Casa-pedregal-7.jpg\" alt=\"\" data-id=\"174\" class=\"wp-image-174\" srcset=\"http:\/\/leonardocardosoarquitectos.com\/wp-content\/uploads\/2019\/11\/Casa-pedregal-7.jpg 1766w, http:\/\/leonardocardosoarquitectos.com\/wp-content\/uploads\/2019\/11\/Casa-pedregal-7-225x300.jpg 225w, http:\/\/leonardocardosoarquitectos.com\/wp-content\/uploads\/2019\/11\/Casa-pedregal-7-768x1024.jpg 768w, http:\/\/leonardocardosoarquitectos.com\/wp-content\/uploads\/2019\/11\/Casa-pedregal-7-1152x1536.jpg 1152w, http:\/\/leonardocardosoarquitectos.com\/wp-content\/uploads\/2019\/11\/Casa-pedregal-7-1536x2048.jpg 1536w, http:\/\/leonardocardosoarquitectos.com\/wp-content\/uploads\/2019\/11\/Casa-pedregal-7-250x333.jpg 250w\" sizes=\"(max-width: 1766px) 100vw, 1766px\" \/><\/figure><\/li><\/ul><\/figure>\n\n\n\n<figure class=\"wp-block-image size-large is-resized\"><img loading=\"lazy\" decoding=\"async\" src=\"http:\/\/leonardocardosoarquitectos.com\/wp-content\/uploads\/2019\/11\/Casa-Pedregal-1.jpg\" alt=\"Fachada casa pedregal\" class=\"wp-image-152\" width=\"746\" height=\"1004\" srcset=\"http:\/\/leonardocardosoarquitectos.com\/wp-content\/uploads\/2019\/11\/Casa-Pedregal-1.jpg 1836w, http:\/\/leonardocardosoarquitectos.com\/wp-content\/uploads\/2019\/11\/Casa-Pedregal-1-223x300.jpg 223w, http:\/\/leonardocardosoarquitectos.com\/wp-content\/uploads\/2019\/11\/Casa-Pedregal-1-768x1033.jpg 768w, http:\/\/leonardocardosoarquitectos.com\/wp-content\/uploads\/2019\/11\/Casa-Pedregal-1-1142x1536.jpg 1142w, http:\/\/leonardocardosoarquitectos.com\/wp-content\/uploads\/2019\/11\/Casa-Pedregal-1-1522x2048.jpg 1522w, http:\/\/leonardocardosoarquitectos.com\/wp-content\/uploads\/2019\/11\/Casa-Pedregal-1-250x336.jpg 250w\" sizes=\"(max-width: 746px) 100vw, 746px\" \/><\/figure>\n\n\n\n\n\n<figure class=\"wp-block-gallery columns-1 is-cropped wp-block-gallery-2 is-layout-flex wp-block-gallery-is-layout-flex\"><ul class=\"blocks-gallery-grid\"><li class=\"blocks-gallery-item\"><figure><img loading=\"lazy\" decoding=\"async\" width=\"2500\" height=\"1904\" src=\"http:\/\/leonardocardosoarquitectos.com\/wp-content\/uploads\/2019\/11\/Casa-Pedregal-5-2-2500x1904.jpg\" alt=\"\" data-id=\"189\" class=\"wp-image-189\" srcset=\"http:\/\/leonardocardosoarquitectos.com\/wp-content\/uploads\/2019\/11\/Casa-Pedregal-5-2-2500x1904.jpg 2500w, http:\/\/leonardocardosoarquitectos.com\/wp-content\/uploads\/2019\/11\/Casa-Pedregal-5-2-300x228.jpg 300w, http:\/\/leonardocardosoarquitectos.com\/wp-content\/uploads\/2019\/11\/Casa-Pedregal-5-2-768x585.jpg 768w, http:\/\/leonardocardosoarquitectos.com\/wp-content\/uploads\/2019\/11\/Casa-Pedregal-5-2-1536x1170.jpg 1536w, http:\/\/leonardocardosoarquitectos.com\/wp-content\/uploads\/2019\/11\/Casa-Pedregal-5-2-2048x1560.jpg 2048w, http:\/\/leonardocardosoarquitectos.com\/wp-content\/uploads\/2019\/11\/Casa-Pedregal-5-2-250x190.jpg 250w\" sizes=\"(max-width: 2500px) 100vw, 2500px\" \/><\/figure><\/li><\/ul><\/figure>\n\n\n\n<figure class=\"wp-block-image size-large\"><img loading=\"lazy\" decoding=\"async\" width=\"1512\" height=\"2016\" src=\"http:\/\/leonardocardosoarquitectos.com\/wp-content\/uploads\/2019\/11\/Casa-Pedregal-4-4.jpg\" alt=\"\" class=\"wp-image-299\" srcset=\"http:\/\/leonardocardosoarquitectos.com\/wp-content\/uploads\/2019\/11\/Casa-Pedregal-4-4.jpg 1512w, http:\/\/leonardocardosoarquitectos.com\/wp-content\/uploads\/2019\/11\/Casa-Pedregal-4-4-225x300.jpg 225w, http:\/\/leonardocardosoarquitectos.com\/wp-content\/uploads\/2019\/11\/Casa-Pedregal-4-4-768x1024.jpg 768w, http:\/\/leonardocardosoarquitectos.com\/wp-content\/uploads\/2019\/11\/Casa-Pedregal-4-4-1152x1536.jpg 1152w, http:\/\/leonardocardosoarquitectos.com\/wp-content\/uploads\/2019\/11\/Casa-Pedregal-4-4-250x333.jpg 250w\" sizes=\"(max-width: 1512px) 100vw, 1512px\" \/><\/figure>\n\n\n\n<figure class=\"wp-block-image size-large is-resized\"><img loading=\"lazy\" decoding=\"async\" src=\"http:\/\/leonardocardosoarquitectos.com\/wp-content\/uploads\/2019\/11\/Casa-pedregal-9-2500x2059.jpg\" alt=\"\" class=\"wp-image-178\" width=\"891\" height=\"733\" srcset=\"http:\/\/leonardocardosoarquitectos.com\/wp-content\/uploads\/2019\/11\/Casa-pedregal-9-2500x2059.jpg 2500w, http:\/\/leonardocardosoarquitectos.com\/wp-content\/uploads\/2019\/11\/Casa-pedregal-9-300x247.jpg 300w, http:\/\/leonardocardosoarquitectos.com\/wp-content\/uploads\/2019\/11\/Casa-pedregal-9-768x633.jpg 768w, http:\/\/leonardocardosoarquitectos.com\/wp-content\/uploads\/2019\/11\/Casa-pedregal-9-1536x1265.jpg 1536w, http:\/\/leonardocardosoarquitectos.com\/wp-content\/uploads\/2019\/11\/Casa-pedregal-9-2048x1687.jpg 2048w, http:\/\/leonardocardosoarquitectos.com\/wp-content\/uploads\/2019\/11\/Casa-pedregal-9-250x206.jpg 250w\" sizes=\"(max-width: 891px) 100vw, 891px\" \/><\/figure>\n\n\n\n<p> <strong>Localizaci\u00f3n: Guadalupe, Zacatecas, M\u00e9xico<\/strong> <\/p>\n\n\n\n<p> <strong>Cliente: Privado<\/strong> <\/p>\n\n\n\n<p> <strong>A\u00f1o: 2016<\/strong><\/p>\n\n\n\n<p> <strong>Estatus: Completado<\/strong> <\/p>\n\n\n\n<p> <strong>Programa: Vivienda Unifamiliar<\/strong> <\/p>\n\n\n\n<p class=\"has-text-color has-background has-very-dark-gray-color has-very-light-gray-background-color\"><strong> Desarrollo: Proyecto Arquitect\u00f3nico y Ejecutivo. <\/strong>Colaboradores OAA-03<\/p>\n\n\n\n<p> <em>\u00a0<div class=\"post-views post-149 entry-meta\">\r\n\t\t\t\t<span class=\"post-views-icon dashicons dashicons-chart-bar\"><\/span>\r\n\t\t\t\t<span class=\"post-views-label\">Views:<\/span>\r\n\t\t\t\t<span class=\"post-views-count\">2,817<\/span>\r\n\t\t\t<\/div><\/em> <\/p>\n","protected":false},"excerpt":{"rendered":"<p>Localizaci\u00f3n: Guadalupe, Zacatecas, M\u00e9xico Cliente: Privado A\u00f1o: 2016 Estatus: Completado [&hellip;]<\/p>\n","protected":false},"author":1,"featured_media":178,"parent":0,"menu_order":0,"comment_status":"closed","ping_status":"closed","template":"","meta":{"footnotes":""},"_links":{"self":[{"href":"http:\/\/leonardocardosoarquitectos.com\/index.php\/wp-json\/wp\/v2\/pages\/149"}],"collection":[{"href":"http:\/\/leonardocardosoarquitectos.com\/index.php\/wp-json\/wp\/v2\/pages"}],"about":[{"href":"http:\/\/leonardocardosoarquitectos.com\/index.php\/wp-json\/wp\/v2\/types\/page"}],"author":[{"embeddable":true,"href":"http:\/\/leonardocardosoarquitectos.com\/index.php\/wp-json\/wp\/v2\/users\/1"}],"replies":[{"embeddable":true,"href":"http:\/\/leonardocardosoarquitectos.com\/index.php\/wp-json\/wp\/v2\/comments?post=149"}],"version-history":[{"count":38,"href":"http:\/\/leonardocardosoarquitectos.com\/index.php\/wp-json\/wp\/v2\/pages\/149\/revisions"}],"predecessor-version":[{"id":397,"href":"http:\/\/leonardocardosoarquitectos.com\/index.php\/wp-json\/wp\/v2\/pages\/149\/revisions\/397"}],"wp:featuredmedia":[{"embeddable":true,"href":"http:\/\/leonardocardosoarquitectos.com\/index.php\/wp-json\/wp\/v2\/media\/178"}],"wp:attachment":[{"href":"http:\/\/leonardocardosoarquitectos.com\/index.php\/wp-json\/wp\/v2\/media?parent=149"}],"curies":[{"name":"wp","href":"https:\/\/api.w.org\/{rel}","templated":true}]}}